{"id":1994,"date":"2022-10-21T14:08:22","date_gmt":"2022-10-21T14:08:22","guid":{"rendered":"https:\/\/carmenrebolledo.com\/?page_id=1994"},"modified":"2022-11-07T11:09:05","modified_gmt":"2022-11-07T11:09:05","slug":"audioguide-memorial-de-la-shoah","status":"publish","type":"page","link":"https:\/\/carmenrebolledo.com\/?page_id=1994","title":{"rendered":"Audioguide M\u00e9morial de la Shoah"},"content":{"rendered":"\t\t<div data-elementor-type=\"wp-page\" data-elementor-id=\"1994\" class=\"elementor elementor-1994\">\n\t\t\t\t\t\t\t\t\t<section class=\"elementor-section elementor-top-section elementor-element elementor-element-06d0aea elementor-section-boxed elementor-section-height-default elementor-section-height-default\" data-id=\"06d0aea\" data-element_type=\"section\">\n\t\t\t\t\t\t<div class=\"elementor-container elementor-column-gap-default\">\n\t\t\t\t\t<div class=\"elementor-column elementor-col-100 elementor-top-column elementor-element elementor-element-fdeb268\" data-id=\"fdeb268\" data-element_type=\"column\">\n\t\t\t<div class=\"elementor-widget-wrap elementor-element-populated\">\n\t\t\t\t\t\t\t\t<div class=\"elementor-element elementor-element-39b171e elementor-widget elementor-widget-heading\" data-id=\"39b171e\" data-element_type=\"widget\" data-widget_type=\"heading.default\">\n\t\t\t\t<div class=\"elementor-widget-container\">\n\t\t\t<style>\/*! elementor - v3.7.8 - 02-10-2022 *\/\n.elementor-heading-title{padding:0;margin:0;line-height:1}.elementor-widget-heading .elementor-heading-title[class*=elementor-size-]>a{color:inherit;font-size:inherit;line-height:inherit}.elementor-widget-heading .elementor-heading-title.elementor-size-small{font-size:15px}.elementor-widget-heading .elementor-heading-title.elementor-size-medium{font-size:19px}.elementor-widget-heading .elementor-heading-title.elementor-size-large{font-size:29px}.elementor-widget-heading .elementor-heading-title.elementor-size-xl{font-size:39px}.elementor-widget-heading .elementor-heading-title.elementor-size-xxl{font-size:59px}<\/style><h2 class=\"elementor-heading-title elementor-size-default\">Audioguide M\u00e9morial de la Shoah<\/h2>\t\t<\/div>\n\t\t\t\t<\/div>\n\t\t\t\t<div class=\"elementor-element elementor-element-ce23c92 elementor-widget elementor-widget-image\" data-id=\"ce23c92\" data-element_type=\"widget\" data-widget_type=\"image.default\">\n\t\t\t\t<div class=\"elementor-widget-container\">\n\t\t\t<style>\/*! elementor - v3.7.8 - 02-10-2022 *\/\n.elementor-widget-image{text-align:center}.elementor-widget-image a{display:inline-block}.elementor-widget-image a img[src$=\".svg\"]{width:48px}.elementor-widget-image img{vertical-align:middle;display:inline-block}<\/style>\t\t\t\t\t\t\t\t\t<figure class=\"wp-caption\">\n\t\t\t\t\t\t\t\t\t\t<img width=\"750\" height=\"297\" src=\"https:\/\/carmenrebolledo.com\/wp-content\/uploads\/2022\/10\/header-1-1024x405.jpg\" class=\"attachment-large size-large\" alt=\"\" loading=\"lazy\" srcset=\"https:\/\/carmenrebolledo.com\/wp-content\/uploads\/2022\/10\/header-1-1024x405.jpg 1024w, https:\/\/carmenrebolledo.com\/wp-content\/uploads\/2022\/10\/header-1-300x119.jpg 300w, https:\/\/carmenrebolledo.com\/wp-content\/uploads\/2022\/10\/header-1-768x304.jpg 768w, https:\/\/carmenrebolledo.com\/wp-content\/uploads\/2022\/10\/header-1-152x60.jpg 152w, https:\/\/carmenrebolledo.com\/wp-content\/uploads\/2022\/10\/header-1.jpg 1365w\" sizes=\"(max-width: 750px) 100vw, 750px\" \/>\t\t\t\t\t\t\t\t\t\t\t<figcaption class=\"widget-image-caption wp-caption-text\">2016, maquette de  l'interface de l'audioguide<\/figcaption>\n\t\t\t\t\t\t\t\t\t\t<\/figure>\n\t\t\t\t\t\t\t\t\t<\/div>\n\t\t\t\t<\/div>\n\t\t\t\t\t<\/div>\n\t\t<\/div>\n\t\t\t\t\t\t\t<\/div>\n\t\t<\/section>\n\t\t\t\t<section class=\"elementor-section elementor-top-section elementor-element elementor-element-304758b elementor-section-boxed elementor-section-height-default elementor-section-height-default\" data-id=\"304758b\" data-element_type=\"section\">\n\t\t\t\t\t\t<div class=\"elementor-container elementor-column-gap-default\">\n\t\t\t\t\t<div class=\"elementor-column elementor-col-100 elementor-top-column elementor-element elementor-element-c7bcdec\" data-id=\"c7bcdec\" data-element_type=\"column\">\n\t\t\t<div class=\"elementor-widget-wrap elementor-element-populated\">\n\t\t\t\t\t\t\t\t<div class=\"elementor-element elementor-element-efc8078 elementor-widget elementor-widget-heading\" data-id=\"efc8078\" data-element_type=\"widget\" data-widget_type=\"heading.default\">\n\t\t\t\t<div class=\"elementor-widget-container\">\n\t\t\t<h3 class=\"elementor-heading-title elementor-size-default\">La demande<\/h3>\t\t<\/div>\n\t\t\t\t<\/div>\n\t\t\t\t<section class=\"elementor-section elementor-inner-section elementor-element elementor-element-c646485 elementor-section-boxed elementor-section-height-default elementor-section-height-default\" data-id=\"c646485\" data-element_type=\"section\">\n\t\t\t\t\t\t<div class=\"elementor-container elementor-column-gap-default\">\n\t\t\t\t\t<div class=\"elementor-column elementor-col-33 elementor-inner-column elementor-element elementor-element-aa3691c\" data-id=\"aa3691c\" data-element_type=\"column\">\n\t\t\t<div class=\"elementor-widget-wrap elementor-element-populated\">\n\t\t\t\t\t\t\t\t<div class=\"elementor-element elementor-element-ffd60fb elementor-widget elementor-widget-text-editor\" data-id=\"ffd60fb\" data-element_type=\"widget\" data-widget_type=\"text-editor.default\">\n\t\t\t\t<div class=\"elementor-widget-container\">\n\t\t\t<style>\/*! elementor - v3.7.8 - 02-10-2022 *\/\n.elementor-widget-text-editor.elementor-drop-cap-view-stacked .elementor-drop-cap{background-color:#818a91;color:#fff}.elementor-widget-text-editor.elementor-drop-cap-view-framed .elementor-drop-cap{color:#818a91;border:3px solid;background-color:transparent}.elementor-widget-text-editor:not(.elementor-drop-cap-view-default) .elementor-drop-cap{margin-top:8px}.elementor-widget-text-editor:not(.elementor-drop-cap-view-default) .elementor-drop-cap-letter{width:1em;height:1em}.elementor-widget-text-editor .elementor-drop-cap{float:left;text-align:center;line-height:1;font-size:50px}.elementor-widget-text-editor .elementor-drop-cap-letter{display:inline-block}<\/style>\t\t\t\t<p>Dans le cadre du d\u00e9veloppement des outils et dispositifs de m\u00e9diation de l&#8217;exposition permanent du M\u00e9morial de la Shoah \u00e0 Paris, j&#8217;ai \u00e9t\u00e9 contact\u00e9e par l&#8217;Atelier144 pour designer l&#8217;UI de l&#8217;application audioguide.<\/p>\t\t\t\t\t\t<\/div>\n\t\t\t\t<\/div>\n\t\t\t\t\t<\/div>\n\t\t<\/div>\n\t\t\t\t<div class=\"elementor-column elementor-col-33 elementor-inner-column elementor-element elementor-element-6befee2\" data-id=\"6befee2\" data-element_type=\"column\">\n\t\t\t<div class=\"elementor-widget-wrap elementor-element-populated\">\n\t\t\t\t\t\t\t\t<div class=\"elementor-element elementor-element-2e511ce elementor-widget elementor-widget-text-editor\" data-id=\"2e511ce\" data-element_type=\"widget\" data-widget_type=\"text-editor.default\">\n\t\t\t\t<div class=\"elementor-widget-container\">\n\t\t\t\t\t\t\t<p>Il s&#8217;agit d&#8217;un audioguide classique, permettant de s\u00e9lectionner le parcours de visite, acc\u00e9der \u00e0 des commentaires de visite sous forme audio ou vid\u00e9o, et cr\u00e9er un espace personnel pour continuer la visite plus tard.<\/p>\t\t\t\t\t\t<\/div>\n\t\t\t\t<\/div>\n\t\t\t\t\t<\/div>\n\t\t<\/div>\n\t\t\t\t<div class=\"elementor-column elementor-col-33 elementor-inner-column elementor-element elementor-element-bfe9ee6\" data-id=\"bfe9ee6\" data-element_type=\"column\">\n\t\t\t<div class=\"elementor-widget-wrap elementor-element-populated\">\n\t\t\t\t\t\t\t\t<div class=\"elementor-element elementor-element-2be7744 elementor-widget elementor-widget-image\" data-id=\"2be7744\" data-element_type=\"widget\" data-widget_type=\"image.default\">\n\t\t\t\t<div class=\"elementor-widget-container\">\n\t\t\t\t\t\t\t\t\t\t\t\t<figure class=\"wp-caption\">\n\t\t\t\t\t\t\t\t\t\t<img width=\"750\" height=\"391\" src=\"https:\/\/carmenrebolledo.com\/wp-content\/uploads\/2022\/11\/wireframes.jpg\" class=\"attachment-large size-large\" alt=\"\" loading=\"lazy\" srcset=\"https:\/\/carmenrebolledo.com\/wp-content\/uploads\/2022\/11\/wireframes.jpg 887w, https:\/\/carmenrebolledo.com\/wp-content\/uploads\/2022\/11\/wireframes-300x156.jpg 300w, https:\/\/carmenrebolledo.com\/wp-content\/uploads\/2022\/11\/wireframes-768x400.jpg 768w, https:\/\/carmenrebolledo.com\/wp-content\/uploads\/2022\/11\/wireframes-115x60.jpg 115w\" sizes=\"(max-width: 750px) 100vw, 750px\" \/>\t\t\t\t\t\t\t\t\t\t\t<figcaption class=\"widget-image-caption wp-caption-text\">Premiers wireframes<\/figcaption>\n\t\t\t\t\t\t\t\t\t\t<\/figure>\n\t\t\t\t\t\t\t\t\t<\/div>\n\t\t\t\t<\/div>\n\t\t\t\t\t<\/div>\n\t\t<\/div>\n\t\t\t\t\t\t\t<\/div>\n\t\t<\/section>\n\t\t\t\t\t<\/div>\n\t\t<\/div>\n\t\t\t\t\t\t\t<\/div>\n\t\t<\/section>\n\t\t\t\t<section class=\"elementor-section elementor-top-section elementor-element elementor-element-3a86c94 elementor-section-boxed elementor-section-height-default elementor-section-height-default\" data-id=\"3a86c94\" data-element_type=\"section\">\n\t\t\t\t\t\t<div class=\"elementor-container elementor-column-gap-default\">\n\t\t\t\t\t<div class=\"elementor-column elementor-col-100 elementor-top-column elementor-element elementor-element-723d8c3\" data-id=\"723d8c3\" data-element_type=\"column\">\n\t\t\t<div class=\"elementor-widget-wrap elementor-element-populated\">\n\t\t\t\t\t\t\t\t<div class=\"elementor-element elementor-element-ab92a6a elementor-arrows-position-outside elementor-pagination-position-outside elementor-widget elementor-widget-image-carousel\" data-id=\"ab92a6a\" data-element_type=\"widget\" data-settings=\"{&quot;slides_to_show&quot;:&quot;3&quot;,&quot;pause_on_hover&quot;:&quot;no&quot;,&quot;navigation&quot;:&quot;both&quot;,&quot;autoplay&quot;:&quot;yes&quot;,&quot;pause_on_interaction&quot;:&quot;yes&quot;,&quot;autoplay_speed&quot;:5000,&quot;infinite&quot;:&quot;yes&quot;,&quot;speed&quot;:500}\" data-widget_type=\"image-carousel.default\">\n\t\t\t\t<div class=\"elementor-widget-container\">\n\t\t\t<style>\/*! elementor - v3.7.8 - 02-10-2022 *\/\n.elementor-widget-image-carousel .swiper-container{position:static}.elementor-widget-image-carousel .swiper-container .swiper-slide figure{line-height:inherit}.elementor-widget-image-carousel .swiper-slide{text-align:center}.elementor-image-carousel-wrapper:not(.swiper-container-initialized) .swiper-slide{max-width:calc(100% \/ var(--e-image-carousel-slides-to-show, 3))}<\/style>\t\t<div class=\"elementor-image-carousel-wrapper swiper-container\" dir=\"ltr\">\n\t\t\t<div class=\"elementor-image-carousel swiper-wrapper\">\n\t\t\t\t\t\t\t\t<div class=\"swiper-slide\"><figure class=\"swiper-slide-inner\"><img class=\"swiper-slide-image\" src=\"https:\/\/carmenrebolledo.com\/wp-content\/uploads\/2022\/10\/maquette3_0001_lang-selected-1-180x300.jpg\" alt=\"Accueil, choix de la langue\" \/><figcaption class=\"elementor-image-carousel-caption\">Accueil, choix de la langue<\/figcaption><\/figure><\/div><div class=\"swiper-slide\"><figure class=\"swiper-slide-inner\"><img class=\"swiper-slide-image\" src=\"https:\/\/carmenrebolledo.com\/wp-content\/uploads\/2022\/10\/maquette3_0002_informations-180x300.jpg\" alt=\"D\u00e9but du parcours choisi\" \/><figcaption class=\"elementor-image-carousel-caption\">D\u00e9but du parcours choisi<\/figcaption><\/figure><\/div><div class=\"swiper-slide\"><figure class=\"swiper-slide-inner\"><img class=\"swiper-slide-image\" src=\"https:\/\/carmenrebolledo.com\/wp-content\/uploads\/2022\/10\/maquette3_0005_selection-tap-180x300.jpg\" alt=\"S\u00e9lection d&#039;un POI\" \/><figcaption class=\"elementor-image-carousel-caption\">S\u00e9lection d'un POI<\/figcaption><\/figure><\/div><div class=\"swiper-slide\"><figure class=\"swiper-slide-inner\"><img class=\"swiper-slide-image\" src=\"https:\/\/carmenrebolledo.com\/wp-content\/uploads\/2022\/10\/maquette3_0008_POI-pause-180x300.jpg\" alt=\"Lecture du commentaire audio ou vid\u00e9o\" \/><figcaption class=\"elementor-image-carousel-caption\">Lecture du commentaire audio ou vid\u00e9o<\/figcaption><\/figure><\/div><div class=\"swiper-slide\"><figure class=\"swiper-slide-inner\"><img class=\"swiper-slide-image\" src=\"https:\/\/carmenrebolledo.com\/wp-content\/uploads\/2022\/10\/maquette3_0010_apres-visite-ok-180x300.jpg\" alt=\"L&#039;apr\u00e8s visite\" \/><figcaption class=\"elementor-image-carousel-caption\">L'apr\u00e8s visite<\/figcaption><\/figure><\/div>\t\t\t<\/div>\n\t\t\t\t\t\t\t\t\t\t\t\t<div class=\"swiper-pagination\"><\/div>\n\t\t\t\t\t\t\t\t\t\t\t\t\t<div class=\"elementor-swiper-button elementor-swiper-button-prev\">\n\t\t\t\t\t\t<i aria-hidden=\"true\" class=\"fas fa-chevron-circle-left\"><\/i>\t\t\t\t\t\t<span class=\"elementor-screen-only\">Previous<\/span>\n\t\t\t\t\t<\/div>\n\t\t\t\t\t<div class=\"elementor-swiper-button elementor-swiper-button-next\">\n\t\t\t\t\t\t<i aria-hidden=\"true\" class=\"fas fa-chevron-circle-right\"><\/i>\t\t\t\t\t\t<span class=\"elementor-screen-only\">Next<\/span>\n\t\t\t\t\t<\/div>\n\t\t\t\t\t\t\t\t\t<\/div>\n\t\t\t\t<\/div>\n\t\t\t\t<\/div>\n\t\t\t\t\t<\/div>\n\t\t<\/div>\n\t\t\t\t\t\t\t<\/div>\n\t\t<\/section>\n\t\t\t\t\t\t\t<\/div>\n\t\t","protected":false},"excerpt":{"rendered":"<p>Audioguide M\u00e9morial de la Shoah 2016, maquette de l&#8217;interface de l&#8217;audioguide La demande Dans le cadre du d\u00e9veloppement des outils et dispositifs de m\u00e9diation de l&#8217;exposition permanent du M\u00e9morial de la Shoah \u00e0 Paris, j&#8217;ai \u00e9t\u00e9 contact\u00e9e par l&#8217;Atelier144 pour designer l&#8217;UI de l&#8217;application audioguide. Il s&#8217;agit d&#8217;un audioguide classique, permettant de s\u00e9lectionner le parcours &hellip; <\/p>\n","protected":false},"author":1,"featured_media":0,"parent":0,"menu_order":0,"comment_status":"closed","ping_status":"closed","template":"elementor_header_footer","meta":{"_monsterinsights_skip_tracking":false,"_monsterinsights_sitenote_active":false,"_monsterinsights_sitenote_note":"","_monsterinsights_sitenote_category":0},"aioseo_notices":[],"_links":{"self":[{"href":"https:\/\/carmenrebolledo.com\/index.php?rest_route=\/wp\/v2\/pages\/1994"}],"collection":[{"href":"https:\/\/carmenrebolledo.com\/index.php?rest_route=\/wp\/v2\/pages"}],"about":[{"href":"https:\/\/carmenrebolledo.com\/index.php?rest_route=\/wp\/v2\/types\/page"}],"author":[{"embeddable":true,"href":"https:\/\/carmenrebolledo.com\/index.php?rest_route=\/wp\/v2\/users\/1"}],"replies":[{"embeddable":true,"href":"https:\/\/carmenrebolledo.com\/index.php?rest_route=%2Fwp%2Fv2%2Fcomments&post=1994"}],"version-history":[{"count":13,"href":"https:\/\/carmenrebolledo.com\/index.php?rest_route=\/wp\/v2\/pages\/1994\/revisions"}],"predecessor-version":[{"id":2190,"href":"https:\/\/carmenrebolledo.com\/index.php?rest_route=\/wp\/v2\/pages\/1994\/revisions\/2190"}],"wp:attachment":[{"href":"https:\/\/carmenrebolledo.com\/index.php?rest_route=%2Fwp%2Fv2%2Fmedia&parent=1994"}],"curies":[{"name":"wp","href":"https:\/\/api.w.org\/{rel}","templated":true}]}}