{"id":1938,"date":"2022-10-20T14:54:03","date_gmt":"2022-10-20T14:54:03","guid":{"rendered":"https:\/\/carmenrebolledo.com\/?page_id=1938"},"modified":"2022-11-07T11:26:47","modified_gmt":"2022-11-07T11:26:47","slug":"multimedias-musee-albert-kahn","status":"publish","type":"page","link":"https:\/\/carmenrebolledo.com\/?page_id=1938","title":{"rendered":"Multim\u00e9dias Mus\u00e9e Albert Kahn"},"content":{"rendered":"\t\t<div data-elementor-type=\"wp-page\" data-elementor-id=\"1938\" class=\"elementor elementor-1938\">\n\t\t\t\t\t\t\t\t\t<section class=\"elementor-section elementor-top-section elementor-element elementor-element-6bc8a71 elementor-section-boxed elementor-section-height-default elementor-section-height-default\" data-id=\"6bc8a71\" data-element_type=\"section\">\n\t\t\t\t\t\t<div class=\"elementor-container elementor-column-gap-default\">\n\t\t\t\t\t<div class=\"elementor-column elementor-col-100 elementor-top-column elementor-element elementor-element-48ae4fe\" data-id=\"48ae4fe\" data-element_type=\"column\">\n\t\t\t<div class=\"elementor-widget-wrap elementor-element-populated\">\n\t\t\t\t\t\t\t\t<div class=\"elementor-element elementor-element-74dbf22 elementor-widget elementor-widget-heading\" data-id=\"74dbf22\" data-element_type=\"widget\" data-widget_type=\"heading.default\">\n\t\t\t\t<div class=\"elementor-widget-container\">\n\t\t\t<style>\/*! elementor - v3.7.8 - 02-10-2022 *\/\n.elementor-heading-title{padding:0;margin:0;line-height:1}.elementor-widget-heading .elementor-heading-title[class*=elementor-size-]>a{color:inherit;font-size:inherit;line-height:inherit}.elementor-widget-heading .elementor-heading-title.elementor-size-small{font-size:15px}.elementor-widget-heading .elementor-heading-title.elementor-size-medium{font-size:19px}.elementor-widget-heading .elementor-heading-title.elementor-size-large{font-size:29px}.elementor-widget-heading .elementor-heading-title.elementor-size-xl{font-size:39px}.elementor-widget-heading .elementor-heading-title.elementor-size-xxl{font-size:59px}<\/style><h2 class=\"elementor-heading-title elementor-size-default\">Multim\u00e9dias Mus\u00e9e Albert Kahn<\/h2>\t\t<\/div>\n\t\t\t\t<\/div>\n\t\t\t\t<div class=\"elementor-element elementor-element-d7d1e22 elementor-widget elementor-widget-text-editor\" data-id=\"d7d1e22\" data-element_type=\"widget\" data-widget_type=\"text-editor.default\">\n\t\t\t\t<div class=\"elementor-widget-container\">\n\t\t\t<style>\/*! elementor - v3.7.8 - 02-10-2022 *\/\n.elementor-widget-text-editor.elementor-drop-cap-view-stacked .elementor-drop-cap{background-color:#818a91;color:#fff}.elementor-widget-text-editor.elementor-drop-cap-view-framed .elementor-drop-cap{color:#818a91;border:3px solid;background-color:transparent}.elementor-widget-text-editor:not(.elementor-drop-cap-view-default) .elementor-drop-cap{margin-top:8px}.elementor-widget-text-editor:not(.elementor-drop-cap-view-default) .elementor-drop-cap-letter{width:1em;height:1em}.elementor-widget-text-editor .elementor-drop-cap{float:left;text-align:center;line-height:1;font-size:50px}.elementor-widget-text-editor .elementor-drop-cap-letter{display:inline-block}<\/style>\t\t\t\t<p>&#8212;&#8212;&#8212;&#8212;&#8212;&#8211; Page en cours de construction &#8212;&#8212;&#8212;&#8212;&#8212;&#8211;<\/p>\t\t\t\t\t\t<\/div>\n\t\t\t\t<\/div>\n\t\t\t\t<div class=\"elementor-element elementor-element-49c62ce elementor-widget elementor-widget-image\" data-id=\"49c62ce\" data-element_type=\"widget\" data-widget_type=\"image.default\">\n\t\t\t\t<div class=\"elementor-widget-container\">\n\t\t\t<style>\/*! elementor - v3.7.8 - 02-10-2022 *\/\n.elementor-widget-image{text-align:center}.elementor-widget-image a{display:inline-block}.elementor-widget-image a img[src$=\".svg\"]{width:48px}.elementor-widget-image img{vertical-align:middle;display:inline-block}<\/style>\t\t\t\t\t\t\t\t\t<figure class=\"wp-caption\">\n\t\t\t\t\t\t\t\t\t\t<img width=\"750\" height=\"565\" src=\"https:\/\/carmenrebolledo.com\/wp-content\/uploads\/2022\/10\/PXL_20220310_164637941-1024x771.jpg\" class=\"attachment-large size-large\" alt=\"\" loading=\"lazy\" srcset=\"https:\/\/carmenrebolledo.com\/wp-content\/uploads\/2022\/10\/PXL_20220310_164637941-1024x771.jpg 1024w, https:\/\/carmenrebolledo.com\/wp-content\/uploads\/2022\/10\/PXL_20220310_164637941-300x226.jpg 300w, https:\/\/carmenrebolledo.com\/wp-content\/uploads\/2022\/10\/PXL_20220310_164637941-768x578.jpg 768w, https:\/\/carmenrebolledo.com\/wp-content\/uploads\/2022\/10\/PXL_20220310_164637941-1536x1157.jpg 1536w, https:\/\/carmenrebolledo.com\/wp-content\/uploads\/2022\/10\/PXL_20220310_164637941-2048x1542.jpg 2048w, https:\/\/carmenrebolledo.com\/wp-content\/uploads\/2022\/10\/PXL_20220310_164637941-80x60.jpg 80w\" sizes=\"(max-width: 750px) 100vw, 750px\" \/>\t\t\t\t\t\t\t\t\t\t\t<figcaption class=\"widget-image-caption wp-caption-text\">2022, Multim\u00e9dia portrait chinois d'Albert Kahn<\/figcaption>\n\t\t\t\t\t\t\t\t\t\t<\/figure>\n\t\t\t\t\t\t\t\t\t<\/div>\n\t\t\t\t<\/div>\n\t\t\t\t\t<\/div>\n\t\t<\/div>\n\t\t\t\t\t\t\t<\/div>\n\t\t<\/section>\n\t\t\t\t<section class=\"elementor-section elementor-top-section elementor-element elementor-element-37446eb elementor-section-boxed elementor-section-height-default elementor-section-height-default\" data-id=\"37446eb\" data-element_type=\"section\">\n\t\t\t\t\t\t<div class=\"elementor-container elementor-column-gap-default\">\n\t\t\t\t\t<div class=\"elementor-column elementor-col-100 elementor-top-column elementor-element elementor-element-cf47a40\" data-id=\"cf47a40\" data-element_type=\"column\">\n\t\t\t<div class=\"elementor-widget-wrap elementor-element-populated\">\n\t\t\t\t\t\t\t\t<section class=\"elementor-section elementor-inner-section elementor-element elementor-element-5d5fe91 elementor-section-boxed elementor-section-height-default elementor-section-height-default\" data-id=\"5d5fe91\" data-element_type=\"section\">\n\t\t\t\t\t\t<div class=\"elementor-container elementor-column-gap-default\">\n\t\t\t\t\t<div class=\"elementor-column elementor-col-50 elementor-inner-column elementor-element elementor-element-cd0ea03\" data-id=\"cd0ea03\" data-element_type=\"column\">\n\t\t\t<div class=\"elementor-widget-wrap elementor-element-populated\">\n\t\t\t\t\t\t\t\t<div class=\"elementor-element elementor-element-cbc40d4 elementor-widget elementor-widget-text-editor\" data-id=\"cbc40d4\" data-element_type=\"widget\" data-widget_type=\"text-editor.default\">\n\t\t\t\t<div class=\"elementor-widget-container\">\n\t\t\t\t\t\t\t<p>Projet en collaboration avec l&#8217;Atelier144 dans le cadre de l&#8217;ouverture du nouveau mus\u00e9e d\u00e9partementale Albert Kahn<\/p><p>R\u00e9alisation de plusieurs multim\u00e9dias int\u00e9gr\u00e9s \u00e0 l&#8217;exposition permanente : le portrait chinois d&#8217;Albert Kahn, les audiovisuels de la fabrique des images et les films en pepper&#8217;s ghosts des op\u00e9rateurs photographiques.<\/p>\t\t\t\t\t\t<\/div>\n\t\t\t\t<\/div>\n\t\t\t\t\t<\/div>\n\t\t<\/div>\n\t\t\t\t<div class=\"elementor-column elementor-col-50 elementor-inner-column elementor-element elementor-element-96985be\" data-id=\"96985be\" data-element_type=\"column\">\n\t\t\t<div class=\"elementor-widget-wrap elementor-element-populated\">\n\t\t\t\t\t\t\t\t<div class=\"elementor-element elementor-element-0aad695 elementor-widget elementor-widget-image\" data-id=\"0aad695\" data-element_type=\"widget\" data-widget_type=\"image.default\">\n\t\t\t\t<div class=\"elementor-widget-container\">\n\t\t\t\t\t\t\t\t\t\t\t\t\t\t\t<img width=\"750\" height=\"563\" src=\"https:\/\/carmenrebolledo.com\/wp-content\/uploads\/2022\/11\/IMG_20211108_144617-1024x768.jpg\" class=\"attachment-large size-large\" alt=\"\" loading=\"lazy\" srcset=\"https:\/\/carmenrebolledo.com\/wp-content\/uploads\/2022\/11\/IMG_20211108_144617-1024x768.jpg 1024w, https:\/\/carmenrebolledo.com\/wp-content\/uploads\/2022\/11\/IMG_20211108_144617-300x225.jpg 300w, https:\/\/carmenrebolledo.com\/wp-content\/uploads\/2022\/11\/IMG_20211108_144617-768x576.jpg 768w, https:\/\/carmenrebolledo.com\/wp-content\/uploads\/2022\/11\/IMG_20211108_144617-1536x1152.jpg 1536w, https:\/\/carmenrebolledo.com\/wp-content\/uploads\/2022\/11\/IMG_20211108_144617-2048x1536.jpg 2048w, https:\/\/carmenrebolledo.com\/wp-content\/uploads\/2022\/11\/IMG_20211108_144617-80x60.jpg 80w\" sizes=\"(max-width: 750px) 100vw, 750px\" \/>\t\t\t\t\t\t\t\t\t\t\t\t\t\t\t<\/div>\n\t\t\t\t<\/div>\n\t\t\t\t\t<\/div>\n\t\t<\/div>\n\t\t\t\t\t\t\t<\/div>\n\t\t<\/section>\n\t\t\t\t\t<\/div>\n\t\t<\/div>\n\t\t\t\t\t\t\t<\/div>\n\t\t<\/section>\n\t\t\t\t<section class=\"elementor-section elementor-top-section elementor-element elementor-element-2a5042f elementor-section-boxed elementor-section-height-default elementor-section-height-default\" data-id=\"2a5042f\" data-element_type=\"section\">\n\t\t\t\t\t\t<div class=\"elementor-container elementor-column-gap-default\">\n\t\t\t\t\t<div class=\"elementor-column elementor-col-100 elementor-top-column elementor-element elementor-element-d594cfa\" data-id=\"d594cfa\" data-element_type=\"column\">\n\t\t\t<div class=\"elementor-widget-wrap elementor-element-populated\">\n\t\t\t\t\t\t\t\t<div class=\"elementor-element elementor-element-4c161b1 elementor-widget elementor-widget-heading\" data-id=\"4c161b1\" data-element_type=\"widget\" data-widget_type=\"heading.default\">\n\t\t\t\t<div class=\"elementor-widget-container\">\n\t\t\t<h4 class=\"elementor-heading-title elementor-size-default\">Le portrait Chinois<\/h4>\t\t<\/div>\n\t\t\t\t<\/div>\n\t\t\t\t<section class=\"elementor-section elementor-inner-section elementor-element elementor-element-a8b163a elementor-section-boxed elementor-section-height-default elementor-section-height-default\" data-id=\"a8b163a\" data-element_type=\"section\">\n\t\t\t\t\t\t<div class=\"elementor-container elementor-column-gap-default\">\n\t\t\t\t\t<div class=\"elementor-column elementor-col-33 elementor-inner-column elementor-element elementor-element-cd84d14\" data-id=\"cd84d14\" data-element_type=\"column\">\n\t\t\t<div class=\"elementor-widget-wrap elementor-element-populated\">\n\t\t\t\t\t\t\t\t<div class=\"elementor-element elementor-element-57bcf3e elementor-widget elementor-widget-text-editor\" data-id=\"57bcf3e\" data-element_type=\"widget\" data-widget_type=\"text-editor.default\">\n\t\t\t\t<div class=\"elementor-widget-container\">\n\t\t\t\t\t\t\t<p>Multim\u00e9dia en sept s\u00e9quences mettant en avant des objets ayant appartenu \u00e0 Albert Kahn et illustrant son portrait indirectement.<\/p><p>Les sc\u00e9narios ont beaucoup \u00e9volu\u00e9 et j&#8217;ai travaill\u00e9 sur multiples it\u00e9rations tant dans le storyboarding que l&#8217;illustration et l&#8217;animation des s\u00e9quences.<\/p>\t\t\t\t\t\t<\/div>\n\t\t\t\t<\/div>\n\t\t\t\t\t<\/div>\n\t\t<\/div>\n\t\t\t\t<div class=\"elementor-column elementor-col-33 elementor-inner-column elementor-element elementor-element-3daf9bf\" data-id=\"3daf9bf\" data-element_type=\"column\">\n\t\t\t<div class=\"elementor-widget-wrap\">\n\t\t\t\t\t\t\t\t\t<\/div>\n\t\t<\/div>\n\t\t\t\t<div class=\"elementor-column elementor-col-33 elementor-inner-column elementor-element elementor-element-3accc7b\" data-id=\"3accc7b\" data-element_type=\"column\">\n\t\t\t<div class=\"elementor-widget-wrap\">\n\t\t\t\t\t\t\t\t\t<\/div>\n\t\t<\/div>\n\t\t\t\t\t\t\t<\/div>\n\t\t<\/section>\n\t\t\t\t\t<\/div>\n\t\t<\/div>\n\t\t\t\t\t\t\t<\/div>\n\t\t<\/section>\n\t\t\t\t<section class=\"elementor-section elementor-top-section elementor-element elementor-element-4bd60e5 elementor-section-boxed elementor-section-height-default elementor-section-height-default\" data-id=\"4bd60e5\" data-element_type=\"section\">\n\t\t\t\t\t\t<div class=\"elementor-container elementor-column-gap-default\">\n\t\t\t\t\t<div class=\"elementor-column elementor-col-100 elementor-top-column elementor-element elementor-element-5493568\" data-id=\"5493568\" data-element_type=\"column\">\n\t\t\t<div class=\"elementor-widget-wrap elementor-element-populated\">\n\t\t\t\t\t\t\t\t<div class=\"elementor-element elementor-element-5866d28 elementor-widget elementor-widget-heading\" data-id=\"5866d28\" data-element_type=\"widget\" data-widget_type=\"heading.default\">\n\t\t\t\t<div class=\"elementor-widget-container\">\n\t\t\t<h4 class=\"elementor-heading-title elementor-size-default\">La fabrique des images<\/h4>\t\t<\/div>\n\t\t\t\t<\/div>\n\t\t\t\t<section class=\"elementor-section elementor-inner-section elementor-element elementor-element-69663ac elementor-section-boxed elementor-section-height-default elementor-section-height-default\" data-id=\"69663ac\" data-element_type=\"section\">\n\t\t\t\t\t\t<div class=\"elementor-container elementor-column-gap-default\">\n\t\t\t\t\t<div class=\"elementor-column elementor-col-33 elementor-inner-column elementor-element elementor-element-bfde7d1\" data-id=\"bfde7d1\" data-element_type=\"column\">\n\t\t\t<div class=\"elementor-widget-wrap elementor-element-populated\">\n\t\t\t\t\t\t\t\t<div class=\"elementor-element elementor-element-a157be0 elementor-widget elementor-widget-text-editor\" data-id=\"a157be0\" data-element_type=\"widget\" data-widget_type=\"text-editor.default\">\n\t\t\t\t<div class=\"elementor-widget-container\">\n\t\t\t\t\t\t\t<p>Cinq s\u00e9quences illustr\u00e9es et anim\u00e9es retra\u00e7ant les proc\u00e9d\u00e9s techniques de la capture photographique et filmique du d\u00e9but du XX\u00e8me si\u00e8cle, et les avanc\u00e9es technologiques de l&#8217;\u00e9poque.<\/p>\t\t\t\t\t\t<\/div>\n\t\t\t\t<\/div>\n\t\t\t\t\t<\/div>\n\t\t<\/div>\n\t\t\t\t<div class=\"elementor-column elementor-col-33 elementor-inner-column elementor-element elementor-element-4bf33f3\" data-id=\"4bf33f3\" data-element_type=\"column\">\n\t\t\t<div class=\"elementor-widget-wrap elementor-element-populated\">\n\t\t\t\t\t\t\t\t<div class=\"elementor-element elementor-element-6427422 elementor-widget elementor-widget-image\" data-id=\"6427422\" data-element_type=\"widget\" data-widget_type=\"image.default\">\n\t\t\t\t<div class=\"elementor-widget-container\">\n\t\t\t\t\t\t\t\t\t\t\t\t\t\t\t<img width=\"750\" height=\"563\" src=\"https:\/\/carmenrebolledo.com\/wp-content\/uploads\/2022\/11\/IMG_20180214_145022-1024x768.jpg\" class=\"attachment-large size-large\" alt=\"\" loading=\"lazy\" srcset=\"https:\/\/carmenrebolledo.com\/wp-content\/uploads\/2022\/11\/IMG_20180214_145022-1024x768.jpg 1024w, https:\/\/carmenrebolledo.com\/wp-content\/uploads\/2022\/11\/IMG_20180214_145022-300x225.jpg 300w, https:\/\/carmenrebolledo.com\/wp-content\/uploads\/2022\/11\/IMG_20180214_145022-768x576.jpg 768w, https:\/\/carmenrebolledo.com\/wp-content\/uploads\/2022\/11\/IMG_20180214_145022-1536x1152.jpg 1536w, https:\/\/carmenrebolledo.com\/wp-content\/uploads\/2022\/11\/IMG_20180214_145022-2048x1536.jpg 2048w, https:\/\/carmenrebolledo.com\/wp-content\/uploads\/2022\/11\/IMG_20180214_145022-80x60.jpg 80w\" sizes=\"(max-width: 750px) 100vw, 750px\" \/>\t\t\t\t\t\t\t\t\t\t\t\t\t\t\t<\/div>\n\t\t\t\t<\/div>\n\t\t\t\t\t<\/div>\n\t\t<\/div>\n\t\t\t\t<div class=\"elementor-column elementor-col-33 elementor-inner-column elementor-element elementor-element-51d5494\" data-id=\"51d5494\" data-element_type=\"column\">\n\t\t\t<div class=\"elementor-widget-wrap elementor-element-populated\">\n\t\t\t\t\t\t\t\t<div class=\"elementor-element elementor-element-283b190 elementor-widget elementor-widget-image\" data-id=\"283b190\" data-element_type=\"widget\" data-widget_type=\"image.default\">\n\t\t\t\t<div class=\"elementor-widget-container\">\n\t\t\t\t\t\t\t\t\t\t\t\t\t\t\t<img src=\"https:\/\/carmenrebolledo.com\/wp-content\/plugins\/elementor\/assets\/images\/placeholder.png\" title=\"\" alt=\"\" \/>\t\t\t\t\t\t\t\t\t\t\t\t\t\t\t<\/div>\n\t\t\t\t<\/div>\n\t\t\t\t\t<\/div>\n\t\t<\/div>\n\t\t\t\t\t\t\t<\/div>\n\t\t<\/section>\n\t\t\t\t\t<\/div>\n\t\t<\/div>\n\t\t\t\t\t\t\t<\/div>\n\t\t<\/section>\n\t\t\t\t<section class=\"elementor-section elementor-top-section elementor-element elementor-element-fa0fd35 elementor-section-boxed elementor-section-height-default elementor-section-height-default\" data-id=\"fa0fd35\" data-element_type=\"section\">\n\t\t\t\t\t\t<div class=\"elementor-container elementor-column-gap-default\">\n\t\t\t\t\t<div class=\"elementor-column elementor-col-100 elementor-top-column elementor-element elementor-element-179769b\" data-id=\"179769b\" data-element_type=\"column\">\n\t\t\t<div class=\"elementor-widget-wrap elementor-element-populated\">\n\t\t\t\t\t\t\t\t<div class=\"elementor-element elementor-element-e327ce1 elementor-widget elementor-widget-heading\" data-id=\"e327ce1\" data-element_type=\"widget\" data-widget_type=\"heading.default\">\n\t\t\t\t<div class=\"elementor-widget-container\">\n\t\t\t<h4 class=\"elementor-heading-title elementor-size-default\">Les pepper's ghosts<\/h4>\t\t<\/div>\n\t\t\t\t<\/div>\n\t\t\t\t<section class=\"elementor-section elementor-inner-section elementor-element elementor-element-5d1d8f5 elementor-section-boxed elementor-section-height-default elementor-section-height-default\" data-id=\"5d1d8f5\" data-element_type=\"section\">\n\t\t\t\t\t\t<div class=\"elementor-container elementor-column-gap-default\">\n\t\t\t\t\t<div class=\"elementor-column elementor-col-33 elementor-inner-column elementor-element elementor-element-b7c3ee1\" data-id=\"b7c3ee1\" data-element_type=\"column\">\n\t\t\t<div class=\"elementor-widget-wrap elementor-element-populated\">\n\t\t\t\t\t\t\t\t<div class=\"elementor-element elementor-element-58b467d elementor-widget elementor-widget-text-editor\" data-id=\"58b467d\" data-element_type=\"widget\" data-widget_type=\"text-editor.default\">\n\t\t\t\t<div class=\"elementor-widget-container\">\n\t\t\t\t\t\t\t<p>Quatre cours r\u00e9cits audiovisuels sur les op\u00e9rateurs d&#8217;Albert Kahn, projet\u00e9es en hologramme dans des vitrines exposant les divers objets embl\u00e9matiques des missions photographiques autour du monde.<\/p>\t\t\t\t\t\t<\/div>\n\t\t\t\t<\/div>\n\t\t\t\t\t<\/div>\n\t\t<\/div>\n\t\t\t\t<div class=\"elementor-column elementor-col-33 elementor-inner-column elementor-element elementor-element-21d80b9\" data-id=\"21d80b9\" data-element_type=\"column\">\n\t\t\t<div class=\"elementor-widget-wrap elementor-element-populated\">\n\t\t\t\t\t\t\t\t<div class=\"elementor-element elementor-element-8567e02 elementor-widget elementor-widget-image\" data-id=\"8567e02\" data-element_type=\"widget\" data-widget_type=\"image.default\">\n\t\t\t\t<div class=\"elementor-widget-container\">\n\t\t\t\t\t\t\t\t\t\t\t\t\t\t\t<img width=\"750\" height=\"1000\" src=\"https:\/\/carmenrebolledo.com\/wp-content\/uploads\/2022\/11\/IMG_20211028_150733-768x1024.jpg\" class=\"attachment-large size-large\" alt=\"\" loading=\"lazy\" srcset=\"https:\/\/carmenrebolledo.com\/wp-content\/uploads\/2022\/11\/IMG_20211028_150733-768x1024.jpg 768w, https:\/\/carmenrebolledo.com\/wp-content\/uploads\/2022\/11\/IMG_20211028_150733-225x300.jpg 225w, https:\/\/carmenrebolledo.com\/wp-content\/uploads\/2022\/11\/IMG_20211028_150733-1152x1536.jpg 1152w, https:\/\/carmenrebolledo.com\/wp-content\/uploads\/2022\/11\/IMG_20211028_150733-1536x2048.jpg 1536w, https:\/\/carmenrebolledo.com\/wp-content\/uploads\/2022\/11\/IMG_20211028_150733-45x60.jpg 45w, https:\/\/carmenrebolledo.com\/wp-content\/uploads\/2022\/11\/IMG_20211028_150733-scaled.jpg 1920w\" sizes=\"(max-width: 750px) 100vw, 750px\" \/>\t\t\t\t\t\t\t\t\t\t\t\t\t\t\t<\/div>\n\t\t\t\t<\/div>\n\t\t\t\t\t<\/div>\n\t\t<\/div>\n\t\t\t\t<div class=\"elementor-column elementor-col-33 elementor-inner-column elementor-element elementor-element-16a3a76\" data-id=\"16a3a76\" data-element_type=\"column\">\n\t\t\t<div class=\"elementor-widget-wrap elementor-element-populated\">\n\t\t\t\t\t\t\t\t<div class=\"elementor-element elementor-element-1ca4831 elementor-widget elementor-widget-image\" data-id=\"1ca4831\" data-element_type=\"widget\" data-widget_type=\"image.default\">\n\t\t\t\t<div class=\"elementor-widget-container\">\n\t\t\t\t\t\t\t\t\t\t\t\t\t\t\t<img width=\"750\" height=\"565\" src=\"https:\/\/carmenrebolledo.com\/wp-content\/uploads\/2022\/11\/PXL_20220310_141936034-1024x771.jpg\" class=\"attachment-large size-large\" alt=\"\" loading=\"lazy\" srcset=\"https:\/\/carmenrebolledo.com\/wp-content\/uploads\/2022\/11\/PXL_20220310_141936034-1024x771.jpg 1024w, https:\/\/carmenrebolledo.com\/wp-content\/uploads\/2022\/11\/PXL_20220310_141936034-300x226.jpg 300w, https:\/\/carmenrebolledo.com\/wp-content\/uploads\/2022\/11\/PXL_20220310_141936034-768x578.jpg 768w, https:\/\/carmenrebolledo.com\/wp-content\/uploads\/2022\/11\/PXL_20220310_141936034-1536x1157.jpg 1536w, https:\/\/carmenrebolledo.com\/wp-content\/uploads\/2022\/11\/PXL_20220310_141936034-2048x1542.jpg 2048w, https:\/\/carmenrebolledo.com\/wp-content\/uploads\/2022\/11\/PXL_20220310_141936034-80x60.jpg 80w\" sizes=\"(max-width: 750px) 100vw, 750px\" \/>\t\t\t\t\t\t\t\t\t\t\t\t\t\t\t<\/div>\n\t\t\t\t<\/div>\n\t\t\t\t\t<\/div>\n\t\t<\/div>\n\t\t\t\t\t\t\t<\/div>\n\t\t<\/section>\n\t\t\t\t\t<\/div>\n\t\t<\/div>\n\t\t\t\t\t\t\t<\/div>\n\t\t<\/section>\n\t\t\t\t\t\t\t<\/div>\n\t\t","protected":false},"excerpt":{"rendered":"<p>Multim\u00e9dias Mus\u00e9e Albert Kahn &#8212;&#8212;&#8212;&#8212;&#8212;&#8211; Page en cours de construction &#8212;&#8212;&#8212;&#8212;&#8212;&#8211; 2022, Multim\u00e9dia portrait chinois d&#8217;Albert Kahn Projet en collaboration avec l&#8217;Atelier144 dans le cadre de l&#8217;ouverture du nouveau mus\u00e9e d\u00e9partementale Albert Kahn R\u00e9alisation de plusieurs multim\u00e9dias int\u00e9gr\u00e9s \u00e0 l&#8217;exposition permanente : le portrait chinois d&#8217;Albert Kahn, les audiovisuels de la fabrique des images et &hellip; <\/p>\n","protected":false},"author":1,"featured_media":0,"parent":0,"menu_order":0,"comment_status":"closed","ping_status":"closed","template":"elementor_header_footer","meta":{"_monsterinsights_skip_tracking":false,"_monsterinsights_sitenote_active":false,"_monsterinsights_sitenote_note":"","_monsterinsights_sitenote_category":0},"aioseo_notices":[],"_links":{"self":[{"href":"https:\/\/carmenrebolledo.com\/index.php?rest_route=\/wp\/v2\/pages\/1938"}],"collection":[{"href":"https:\/\/carmenrebolledo.com\/index.php?rest_route=\/wp\/v2\/pages"}],"about":[{"href":"https:\/\/carmenrebolledo.com\/index.php?rest_route=\/wp\/v2\/types\/page"}],"author":[{"embeddable":true,"href":"https:\/\/carmenrebolledo.com\/index.php?rest_route=\/wp\/v2\/users\/1"}],"replies":[{"embeddable":true,"href":"https:\/\/carmenrebolledo.com\/index.php?rest_route=%2Fwp%2Fv2%2Fcomments&post=1938"}],"version-history":[{"count":13,"href":"https:\/\/carmenrebolledo.com\/index.php?rest_route=\/wp\/v2\/pages\/1938\/revisions"}],"predecessor-version":[{"id":2204,"href":"https:\/\/carmenrebolledo.com\/index.php?rest_route=\/wp\/v2\/pages\/1938\/revisions\/2204"}],"wp:attachment":[{"href":"https:\/\/carmenrebolledo.com\/index.php?rest_route=%2Fwp%2Fv2%2Fmedia&parent=1938"}],"curies":[{"name":"wp","href":"https:\/\/api.w.org\/{rel}","templated":true}]}}