{"id":1745,"date":"2022-10-13T14:55:35","date_gmt":"2022-10-13T14:55:35","guid":{"rendered":"https:\/\/carmenrebolledo.com\/?page_id=1745"},"modified":"2022-10-25T09:56:13","modified_gmt":"2022-10-25T09:56:13","slug":"visite-au-louvre","status":"publish","type":"page","link":"https:\/\/carmenrebolledo.com\/?page_id=1745","title":{"rendered":"Visite au Louvre"},"content":{"rendered":"\t\t<div data-elementor-type=\"wp-page\" data-elementor-id=\"1745\" class=\"elementor elementor-1745\">\n\t\t\t\t\t\t\t\t\t<section class=\"elementor-section elementor-top-section elementor-element elementor-element-68bacd7 elementor-section-boxed elementor-section-height-default elementor-section-height-default\" data-id=\"68bacd7\" data-element_type=\"section\">\n\t\t\t\t\t\t<div class=\"elementor-container elementor-column-gap-default\">\n\t\t\t\t\t<div class=\"elementor-column elementor-col-100 elementor-top-column elementor-element elementor-element-2549b19\" data-id=\"2549b19\" data-element_type=\"column\">\n\t\t\t<div class=\"elementor-widget-wrap elementor-element-populated\">\n\t\t\t\t\t\t\t\t<div class=\"elementor-element elementor-element-487701e elementor-widget elementor-widget-heading\" data-id=\"487701e\" data-element_type=\"widget\" data-widget_type=\"heading.default\">\n\t\t\t\t<div class=\"elementor-widget-container\">\n\t\t\t<style>\/*! elementor - v3.7.8 - 02-10-2022 *\/\n.elementor-heading-title{padding:0;margin:0;line-height:1}.elementor-widget-heading .elementor-heading-title[class*=elementor-size-]>a{color:inherit;font-size:inherit;line-height:inherit}.elementor-widget-heading .elementor-heading-title.elementor-size-small{font-size:15px}.elementor-widget-heading .elementor-heading-title.elementor-size-medium{font-size:19px}.elementor-widget-heading .elementor-heading-title.elementor-size-large{font-size:29px}.elementor-widget-heading .elementor-heading-title.elementor-size-xl{font-size:39px}.elementor-widget-heading .elementor-heading-title.elementor-size-xxl{font-size:59px}<\/style><h2 class=\"elementor-heading-title elementor-size-default\">Visite au Louvre<\/h2>\t\t<\/div>\n\t\t\t\t<\/div>\n\t\t\t\t<div class=\"elementor-element elementor-element-855a305 elementor-widget elementor-widget-text-editor\" data-id=\"855a305\" data-element_type=\"widget\" data-widget_type=\"text-editor.default\">\n\t\t\t\t<div class=\"elementor-widget-container\">\n\t\t\t<style>\/*! elementor - v3.7.8 - 02-10-2022 *\/\n.elementor-widget-text-editor.elementor-drop-cap-view-stacked .elementor-drop-cap{background-color:#818a91;color:#fff}.elementor-widget-text-editor.elementor-drop-cap-view-framed .elementor-drop-cap{color:#818a91;border:3px solid;background-color:transparent}.elementor-widget-text-editor:not(.elementor-drop-cap-view-default) .elementor-drop-cap{margin-top:8px}.elementor-widget-text-editor:not(.elementor-drop-cap-view-default) .elementor-drop-cap-letter{width:1em;height:1em}.elementor-widget-text-editor .elementor-drop-cap{float:left;text-align:center;line-height:1;font-size:50px}.elementor-widget-text-editor .elementor-drop-cap-letter{display:inline-block}<\/style>\t\t\t\t<p><em>Application concept pour des visites interactives et personnalisables au mus\u00e9e du Louvre.<\/em><\/p>\t\t\t\t\t\t<\/div>\n\t\t\t\t<\/div>\n\t\t\t\t<div class=\"elementor-element elementor-element-6b748bf elementor-widget elementor-widget-image\" data-id=\"6b748bf\" data-element_type=\"widget\" data-widget_type=\"image.default\">\n\t\t\t\t<div class=\"elementor-widget-container\">\n\t\t\t<style>\/*! elementor - v3.7.8 - 02-10-2022 *\/\n.elementor-widget-image{text-align:center}.elementor-widget-image a{display:inline-block}.elementor-widget-image a img[src$=\".svg\"]{width:48px}.elementor-widget-image img{vertical-align:middle;display:inline-block}<\/style>\t\t\t\t\t\t\t\t\t<figure class=\"wp-caption\">\n\t\t\t\t\t\t\t\t\t\t<img width=\"687\" height=\"1024\" src=\"https:\/\/carmenrebolledo.com\/wp-content\/uploads\/2022\/10\/LouvrePourPortfolio-02-687x1024.png\" class=\"attachment-large size-large\" alt=\"\" loading=\"lazy\" srcset=\"https:\/\/carmenrebolledo.com\/wp-content\/uploads\/2022\/10\/LouvrePourPortfolio-02-687x1024.png 687w, https:\/\/carmenrebolledo.com\/wp-content\/uploads\/2022\/10\/LouvrePourPortfolio-02-201x300.png 201w, https:\/\/carmenrebolledo.com\/wp-content\/uploads\/2022\/10\/LouvrePourPortfolio-02-768x1145.png 768w, https:\/\/carmenrebolledo.com\/wp-content\/uploads\/2022\/10\/LouvrePourPortfolio-02-1030x1536.png 1030w, https:\/\/carmenrebolledo.com\/wp-content\/uploads\/2022\/10\/LouvrePourPortfolio-02-40x60.png 40w, https:\/\/carmenrebolledo.com\/wp-content\/uploads\/2022\/10\/LouvrePourPortfolio-02.png 1349w\" sizes=\"(max-width: 687px) 100vw, 687px\" \/>\t\t\t\t\t\t\t\t\t\t\t<figcaption class=\"widget-image-caption wp-caption-text\">2012, Amandine Victor &amp; Carmen Rebolledo<\/figcaption>\n\t\t\t\t\t\t\t\t\t\t<\/figure>\n\t\t\t\t\t\t\t\t\t<\/div>\n\t\t\t\t<\/div>\n\t\t\t\t\t<\/div>\n\t\t<\/div>\n\t\t\t\t\t\t\t<\/div>\n\t\t<\/section>\n\t\t\t\t<section class=\"elementor-section elementor-top-section elementor-element elementor-element-0a28391 elementor-section-boxed elementor-section-height-default elementor-section-height-default\" data-id=\"0a28391\" data-element_type=\"section\">\n\t\t\t\t\t\t<div class=\"elementor-container elementor-column-gap-default\">\n\t\t\t\t\t<div class=\"elementor-column elementor-col-100 elementor-top-column elementor-element elementor-element-55d0a52\" data-id=\"55d0a52\" data-element_type=\"column\">\n\t\t\t<div class=\"elementor-widget-wrap elementor-element-populated\">\n\t\t\t\t\t\t\t\t<div class=\"elementor-element elementor-element-81074f3 elementor-widget elementor-widget-heading\" data-id=\"81074f3\" data-element_type=\"widget\" data-widget_type=\"heading.default\">\n\t\t\t\t<div class=\"elementor-widget-container\">\n\t\t\t<h3 class=\"elementor-heading-title elementor-size-default\">L'id\u00e9e<\/h3>\t\t<\/div>\n\t\t\t\t<\/div>\n\t\t\t\t<div class=\"elementor-element elementor-element-ae49d81 elementor-widget elementor-widget-text-editor\" data-id=\"ae49d81\" data-element_type=\"widget\" data-widget_type=\"text-editor.default\">\n\t\t\t\t<div class=\"elementor-widget-container\">\n\t\t\t\t\t\t\t<p>Durant notre phase de recherche, nous avons remarqu\u00e9 que les audioguides propos\u00e9s par le mus\u00e9e offraient une exp\u00e9rience plut\u00f4t passive pour approcher et comprendre les \u0153uvres expos\u00e9es. Par ailleurs, lors de nos visites d&#8217;observation au Louvre, nous avons constat\u00e9 que l&#8217;emploi des smartphones \u00e9tait pratique courante parmi les visiteurs, notamment l&#8217;usage de l&#8217;appareil photo et l&#8217;acc\u00e8s \u00e0 internet.<\/p>\n<p>Malgr\u00e9 la pr\u00e9sence d&#8217;une signal\u00e9tique importante et de cartels, les visiteurs \u00e9taient plut\u00f4t d\u00e9munis dans leur compr\u00e9hension quand ils \u00e9taient devant des \u0153uvres qui ne faisaient pas partie des chefs d&#8217;\u0153uvres du Louvre ou d&#8217;un circuit de visite pr\u00e9\u00e9tabli.<\/p>\n<p>En ligne, le Louvre poss\u00e8de une base de donn\u00e9es monumentale sur sa collection, leur cartels, descriptions et \u00e9l\u00e9ments de compr\u00e9hension et nous avons voulu l&#8217;int\u00e9grer dans les parcours de visite.<\/p>\n<p>Nous avons donc propos\u00e9 un espace d&#8217;exp\u00e9rience immersif et de m\u00e9diation ludique avec les \u0153uvres gr\u00e2ce \u00e0 la r\u00e9alit\u00e9 augment\u00e9e. Aussi nos avons propos\u00e9 une possibilit\u00e9 de cr\u00e9er des parcours plus personnalisables, offrant des visites plus diverses et libres tout en \u00e9tant accompagn\u00e9s par des informations mus\u00e9ales et artistiques pertinentes. Fusionner l&#8217;interactivit\u00e9 avec les mobiles et la base de donn\u00e9es du Louvre, pour une exp\u00e9rience enrichie.<\/p>\n<p><\/p>\t\t\t\t\t\t<\/div>\n\t\t\t\t<\/div>\n\t\t\t\t\t<\/div>\n\t\t<\/div>\n\t\t\t\t\t\t\t<\/div>\n\t\t<\/section>\n\t\t\t\t<section class=\"elementor-section elementor-top-section elementor-element elementor-element-ac0a1e3 elementor-section-boxed elementor-section-height-default elementor-section-height-default\" data-id=\"ac0a1e3\" data-element_type=\"section\">\n\t\t\t\t\t\t<div class=\"elementor-container elementor-column-gap-default\">\n\t\t\t\t\t<div class=\"elementor-column elementor-col-100 elementor-top-column elementor-element elementor-element-fa511e2\" data-id=\"fa511e2\" data-element_type=\"column\">\n\t\t\t<div class=\"elementor-widget-wrap elementor-element-populated\">\n\t\t\t\t\t\t\t\t<div class=\"elementor-element elementor-element-f265f32 elementor-widget elementor-widget-heading\" data-id=\"f265f32\" data-element_type=\"widget\" data-widget_type=\"heading.default\">\n\t\t\t\t<div class=\"elementor-widget-container\">\n\t\t\t<h4 class=\"elementor-heading-title elementor-size-default\">Interfaces du projet et It\u00e9rations<\/h4>\t\t<\/div>\n\t\t\t\t<\/div>\n\t\t\t\t<section class=\"elementor-section elementor-inner-section elementor-element elementor-element-1f8a4d3 elementor-section-boxed elementor-section-height-default elementor-section-height-default\" data-id=\"1f8a4d3\" data-element_type=\"section\">\n\t\t\t\t\t\t<div class=\"elementor-container elementor-column-gap-default\">\n\t\t\t\t\t<div class=\"elementor-column elementor-col-50 elementor-inner-column elementor-element elementor-element-7f8377a\" data-id=\"7f8377a\" data-element_type=\"column\">\n\t\t\t<div class=\"elementor-widget-wrap elementor-element-populated\">\n\t\t\t\t\t\t\t\t<div class=\"elementor-element elementor-element-37c7ddc elementor-widget elementor-widget-text-editor\" data-id=\"37c7ddc\" data-element_type=\"widget\" data-widget_type=\"text-editor.default\">\n\t\t\t\t<div class=\"elementor-widget-container\">\n\t\t\t\t\t\t\t<p>Nous sommes pass\u00e9s par plusieurs phases d&#8217;it\u00e9rations de l&#8217;interface, en raffinant les parcours des utilisateurs, les wireframes, le syst\u00e8me de navigation et les choix graphiques.<\/p><p>\u00a0Le r\u00e9sultat est construit autour de deux principes :<\/p><p>&#8211; Une boussole interactive qui permet de suivre un parcours choisi, l&#8217;\u00e9diter, l&#8217;augmenter ou le r\u00e9duire.<\/p><p>&#8211; Un ensemble d&#8217;exp\u00e9riences ludiques et p\u00e9dagogiques en r\u00e9alit\u00e9 augment\u00e9e pour chacune des \u0153uvres dans le parcours<\/p>\t\t\t\t\t\t<\/div>\n\t\t\t\t<\/div>\n\t\t\t\t\t<\/div>\n\t\t<\/div>\n\t\t\t\t<div class=\"elementor-column elementor-col-50 elementor-inner-column elementor-element elementor-element-e92cf50\" data-id=\"e92cf50\" data-element_type=\"column\">\n\t\t\t<div class=\"elementor-widget-wrap elementor-element-populated\">\n\t\t\t\t\t\t\t\t<div class=\"elementor-element elementor-element-db46350 elementor-widget elementor-widget-image\" data-id=\"db46350\" data-element_type=\"widget\" data-widget_type=\"image.default\">\n\t\t\t\t<div class=\"elementor-widget-container\">\n\t\t\t\t\t\t\t\t\t\t\t\t\t\t\t<img width=\"750\" height=\"497\" src=\"https:\/\/carmenrebolledo.com\/wp-content\/uploads\/2022\/10\/croquis-wireframes-1024x678.jpg\" class=\"attachment-large size-large\" alt=\"\" loading=\"lazy\" srcset=\"https:\/\/carmenrebolledo.com\/wp-content\/uploads\/2022\/10\/croquis-wireframes-1024x678.jpg 1024w, https:\/\/carmenrebolledo.com\/wp-content\/uploads\/2022\/10\/croquis-wireframes-300x199.jpg 300w, https:\/\/carmenrebolledo.com\/wp-content\/uploads\/2022\/10\/croquis-wireframes-768x508.jpg 768w, https:\/\/carmenrebolledo.com\/wp-content\/uploads\/2022\/10\/croquis-wireframes-1536x1017.jpg 1536w, https:\/\/carmenrebolledo.com\/wp-content\/uploads\/2022\/10\/croquis-wireframes-91x60.jpg 91w, https:\/\/carmenrebolledo.com\/wp-content\/uploads\/2022\/10\/croquis-wireframes.jpg 1600w\" sizes=\"(max-width: 750px) 100vw, 750px\" \/>\t\t\t\t\t\t\t\t\t\t\t\t\t\t\t<\/div>\n\t\t\t\t<\/div>\n\t\t\t\t\t<\/div>\n\t\t<\/div>\n\t\t\t\t\t\t\t<\/div>\n\t\t<\/section>\n\t\t\t\t\t<\/div>\n\t\t<\/div>\n\t\t\t\t\t\t\t<\/div>\n\t\t<\/section>\n\t\t\t\t<section class=\"elementor-section elementor-top-section elementor-element elementor-element-6cb2b52 elementor-section-boxed elementor-section-height-default elementor-section-height-default\" data-id=\"6cb2b52\" data-element_type=\"section\">\n\t\t\t\t\t\t<div class=\"elementor-container elementor-column-gap-default\">\n\t\t\t\t\t<div class=\"elementor-column elementor-col-100 elementor-top-column elementor-element elementor-element-e08165d\" data-id=\"e08165d\" data-element_type=\"column\">\n\t\t\t<div class=\"elementor-widget-wrap elementor-element-populated\">\n\t\t\t\t\t\t\t\t<div class=\"elementor-element elementor-element-5b65793 elementor-widget elementor-widget-heading\" data-id=\"5b65793\" data-element_type=\"widget\" data-widget_type=\"heading.default\">\n\t\t\t\t<div class=\"elementor-widget-container\">\n\t\t\t<h4 class=\"elementor-heading-title elementor-size-default\">Maquettes<\/h4>\t\t<\/div>\n\t\t\t\t<\/div>\n\t\t\t\t<div class=\"elementor-element elementor-element-0c6ec06 elementor-arrows-position-outside elementor-pagination-position-outside elementor-widget elementor-widget-image-carousel\" data-id=\"0c6ec06\" data-element_type=\"widget\" data-settings=\"{&quot;navigation&quot;:&quot;both&quot;,&quot;autoplay&quot;:&quot;yes&quot;,&quot;pause_on_hover&quot;:&quot;yes&quot;,&quot;pause_on_interaction&quot;:&quot;yes&quot;,&quot;autoplay_speed&quot;:5000,&quot;infinite&quot;:&quot;yes&quot;,&quot;speed&quot;:500,&quot;image_spacing_custom&quot;:{&quot;unit&quot;:&quot;px&quot;,&quot;size&quot;:20,&quot;sizes&quot;:[]}}\" data-widget_type=\"image-carousel.default\">\n\t\t\t\t<div class=\"elementor-widget-container\">\n\t\t\t<style>\/*! elementor - v3.7.8 - 02-10-2022 *\/\n.elementor-widget-image-carousel .swiper-container{position:static}.elementor-widget-image-carousel .swiper-container .swiper-slide figure{line-height:inherit}.elementor-widget-image-carousel .swiper-slide{text-align:center}.elementor-image-carousel-wrapper:not(.swiper-container-initialized) .swiper-slide{max-width:calc(100% \/ var(--e-image-carousel-slides-to-show, 3))}<\/style>\t\t<div class=\"elementor-image-carousel-wrapper swiper-container\" dir=\"ltr\">\n\t\t\t<div class=\"elementor-image-carousel swiper-wrapper\">\n\t\t\t\t\t\t\t\t<div class=\"swiper-slide\"><figure class=\"swiper-slide-inner\"><img class=\"swiper-slide-image\" src=\"https:\/\/carmenrebolledo.com\/wp-content\/uploads\/2022\/10\/LouvrePourPortfolio-03-768x1145.png\" alt=\"Accueil\" \/><figcaption class=\"elementor-image-carousel-caption\">Accueil<\/figcaption><\/figure><\/div><div class=\"swiper-slide\"><figure class=\"swiper-slide-inner\"><img class=\"swiper-slide-image\" src=\"https:\/\/carmenrebolledo.com\/wp-content\/uploads\/2022\/10\/LouvrePourPortfolio-09-768x1139.png\" alt=\"Parcours propos\u00e9s par l&#039;application\" \/><figcaption class=\"elementor-image-carousel-caption\">Parcours propos\u00e9s par l'application<\/figcaption><\/figure><\/div><div class=\"swiper-slide\"><figure class=\"swiper-slide-inner\"><img class=\"swiper-slide-image\" src=\"https:\/\/carmenrebolledo.com\/wp-content\/uploads\/2022\/10\/LouvrePourPortfolio-06-768x1145.png\" alt=\"Ma visite - parcours personnalis\u00e9s\" \/><figcaption class=\"elementor-image-carousel-caption\">Ma visite - parcours personnalis\u00e9s<\/figcaption><\/figure><\/div><div class=\"swiper-slide\"><figure class=\"swiper-slide-inner\"><img class=\"swiper-slide-image\" src=\"https:\/\/carmenrebolledo.com\/wp-content\/uploads\/2022\/10\/LouvrePourPortfolio-07-768x1145.png\" alt=\"Visite en cours\" \/><figcaption class=\"elementor-image-carousel-caption\">Visite en cours<\/figcaption><\/figure><\/div><div class=\"swiper-slide\"><figure class=\"swiper-slide-inner\"><img class=\"swiper-slide-image\" src=\"https:\/\/carmenrebolledo.com\/wp-content\/uploads\/2022\/10\/LouvrePourPortfolio-01-768x1145.png\" alt=\"Boussole d&#039;orientation du parcours choisi\" \/><figcaption class=\"elementor-image-carousel-caption\">Boussole d'orientation du parcours choisi<\/figcaption><\/figure><\/div><div class=\"swiper-slide\"><figure class=\"swiper-slide-inner\"><img class=\"swiper-slide-image\" src=\"https:\/\/carmenrebolledo.com\/wp-content\/uploads\/2022\/10\/LouvrePourPortfolio-10-768x1139.png\" alt=\"Cartel et infos de l&#039;\u0153uvre\" \/><figcaption class=\"elementor-image-carousel-caption\">Cartel et infos de l'\u0153uvre<\/figcaption><\/figure><\/div><div class=\"swiper-slide\"><figure class=\"swiper-slide-inner\"><img class=\"swiper-slide-image\" src=\"https:\/\/carmenrebolledo.com\/wp-content\/uploads\/2022\/10\/LouvrePourPortfolio-11-768x1139.png\" alt=\"Interactions avec l&#039;\u0153uvre via la r\u00e9alit\u00e9 augment\u00e9e\" \/><figcaption class=\"elementor-image-carousel-caption\">Interactions avec l'\u0153uvre via la r\u00e9alit\u00e9 augment\u00e9e<\/figcaption><\/figure><\/div>\t\t\t<\/div>\n\t\t\t\t\t\t\t\t\t\t\t\t<div class=\"swiper-pagination\"><\/div>\n\t\t\t\t\t\t\t\t\t\t\t\t\t<div class=\"elementor-swiper-button elementor-swiper-button-prev\">\n\t\t\t\t\t\t<i aria-hidden=\"true\" class=\"fas fa-chevron-circle-left\"><\/i>\t\t\t\t\t\t<span class=\"elementor-screen-only\">Previous<\/span>\n\t\t\t\t\t<\/div>\n\t\t\t\t\t<div class=\"elementor-swiper-button elementor-swiper-button-next\">\n\t\t\t\t\t\t<i aria-hidden=\"true\" class=\"fas fa-chevron-circle-right\"><\/i>\t\t\t\t\t\t<span class=\"elementor-screen-only\">Next<\/span>\n\t\t\t\t\t<\/div>\n\t\t\t\t\t\t\t\t\t<\/div>\n\t\t\t\t<\/div>\n\t\t\t\t<\/div>\n\t\t\t\t\t<\/div>\n\t\t<\/div>\n\t\t\t\t\t\t\t<\/div>\n\t\t<\/section>\n\t\t\t\t<section class=\"elementor-section elementor-top-section elementor-element elementor-element-f1ac9db elementor-section-boxed elementor-section-height-default elementor-section-height-default\" data-id=\"f1ac9db\" data-element_type=\"section\">\n\t\t\t\t\t\t<div class=\"elementor-container elementor-column-gap-default\">\n\t\t\t\t\t<div class=\"elementor-column elementor-col-100 elementor-top-column elementor-element elementor-element-cf04548\" data-id=\"cf04548\" data-element_type=\"column\">\n\t\t\t<div class=\"elementor-widget-wrap elementor-element-populated\">\n\t\t\t\t\t\t\t\t<section class=\"elementor-section elementor-inner-section elementor-element elementor-element-c13857d elementor-section-boxed elementor-section-height-default elementor-section-height-default\" data-id=\"c13857d\" data-element_type=\"section\">\n\t\t\t\t\t\t<div class=\"elementor-container elementor-column-gap-default\">\n\t\t\t\t\t<div class=\"elementor-column elementor-col-50 elementor-inner-column elementor-element elementor-element-f4a2b68\" data-id=\"f4a2b68\" data-element_type=\"column\">\n\t\t\t<div class=\"elementor-widget-wrap elementor-element-populated\">\n\t\t\t\t\t\t\t\t<div class=\"elementor-element elementor-element-218483e elementor-widget elementor-widget-heading\" data-id=\"218483e\" data-element_type=\"widget\" data-widget_type=\"heading.default\">\n\t\t\t\t<div class=\"elementor-widget-container\">\n\t\t\t<h4 class=\"elementor-heading-title elementor-size-default\">Prototype anim\u00e9<\/h4>\t\t<\/div>\n\t\t\t\t<\/div>\n\t\t\t\t<div class=\"elementor-element elementor-element-d4f3b7a elementor-widget elementor-widget-text-editor\" data-id=\"d4f3b7a\" data-element_type=\"widget\" data-widget_type=\"text-editor.default\">\n\t\t\t\t<div class=\"elementor-widget-container\">\n\t\t\t\t\t\t\t<p>Pour illustrer l&#8217;application, nous avons propos\u00e9 une courte vid\u00e9o d\u00e9monstrative sur l&#8217;exp\u00e9rience globale d&#8217;usage :<\/p><p>Le visiteur pr\u00e9parer son parcours en amont, se rend au Louvre, se laisse guider par l&#8217;application et fait l&#8217;exp\u00e9rience des tableaux en r\u00e9alit\u00e9 augment\u00e9e.<\/p>\t\t\t\t\t\t<\/div>\n\t\t\t\t<\/div>\n\t\t\t\t\t<\/div>\n\t\t<\/div>\n\t\t\t\t<div class=\"elementor-column elementor-col-50 elementor-inner-column elementor-element elementor-element-aa9270c\" data-id=\"aa9270c\" data-element_type=\"column\">\n\t\t\t<div class=\"elementor-widget-wrap elementor-element-populated\">\n\t\t\t\t\t\t\t\t<div class=\"elementor-element elementor-element-3ff391a elementor-aspect-ratio-169 elementor-widget elementor-widget-video\" data-id=\"3ff391a\" data-element_type=\"widget\" data-settings=\"{&quot;youtube_url&quot;:&quot;https:\\\/\\\/youtu.be\\\/Gy78AC2Pqls&quot;,&quot;video_type&quot;:&quot;youtube&quot;,&quot;controls&quot;:&quot;yes&quot;,&quot;aspect_ratio&quot;:&quot;169&quot;}\" data-widget_type=\"video.default\">\n\t\t\t\t<div class=\"elementor-widget-container\">\n\t\t\t<style>\/*! elementor - v3.7.8 - 02-10-2022 *\/\n.elementor-widget-video .elementor-widget-container{overflow:hidden;-webkit-transform:translateZ(0);transform:translateZ(0)}.elementor-widget-video .elementor-open-inline .elementor-custom-embed-image-overlay{position:absolute;top:0;left:0;width:100%;height:100%;background-size:cover;background-position:50%}.elementor-widget-video .elementor-custom-embed-image-overlay{cursor:pointer;text-align:center}.elementor-widget-video .elementor-custom-embed-image-overlay:hover .elementor-custom-embed-play i{opacity:1}.elementor-widget-video .elementor-custom-embed-image-overlay img{display:block;width:100%}.elementor-widget-video .e-hosted-video .elementor-video{-o-object-fit:cover;object-fit:cover}.e-container>.elementor-widget-video{width:var(--container-widget-width,100%)}<\/style>\t\t<div class=\"elementor-wrapper elementor-fit-aspect-ratio elementor-open-inline\">\n\t\t\t<div class=\"elementor-video\"><\/div>\t\t<\/div>\n\t\t\t\t<\/div>\n\t\t\t\t<\/div>\n\t\t\t\t\t<\/div>\n\t\t<\/div>\n\t\t\t\t\t\t\t<\/div>\n\t\t<\/section>\n\t\t\t\t\t<\/div>\n\t\t<\/div>\n\t\t\t\t\t\t\t<\/div>\n\t\t<\/section>\n\t\t\t\t\t\t\t<\/div>\n\t\t","protected":false},"excerpt":{"rendered":"<p>Visite au Louvre Application concept pour des visites interactives et personnalisables au mus\u00e9e du Louvre. 2012, Amandine Victor &amp; Carmen Rebolledo L&#8217;id\u00e9e Durant notre phase de recherche, nous avons remarqu\u00e9 que les audioguides propos\u00e9s par le mus\u00e9e offraient une exp\u00e9rience plut\u00f4t passive pour approcher et comprendre les \u0153uvres expos\u00e9es. Par ailleurs, lors de nos visites &hellip; <\/p>\n","protected":false},"author":1,"featured_media":0,"parent":0,"menu_order":0,"comment_status":"closed","ping_status":"closed","template":"elementor_header_footer","meta":{"_monsterinsights_skip_tracking":false,"_monsterinsights_sitenote_active":false,"_monsterinsights_sitenote_note":"","_monsterinsights_sitenote_category":0},"aioseo_notices":[],"_links":{"self":[{"href":"https:\/\/carmenrebolledo.com\/index.php?rest_route=\/wp\/v2\/pages\/1745"}],"collection":[{"href":"https:\/\/carmenrebolledo.com\/index.php?rest_route=\/wp\/v2\/pages"}],"about":[{"href":"https:\/\/carmenrebolledo.com\/index.php?rest_route=\/wp\/v2\/types\/page"}],"author":[{"embeddable":true,"href":"https:\/\/carmenrebolledo.com\/index.php?rest_route=\/wp\/v2\/users\/1"}],"replies":[{"embeddable":true,"href":"https:\/\/carmenrebolledo.com\/index.php?rest_route=%2Fwp%2Fv2%2Fcomments&post=1745"}],"version-history":[{"count":34,"href":"https:\/\/carmenrebolledo.com\/index.php?rest_route=\/wp\/v2\/pages\/1745\/revisions"}],"predecessor-version":[{"id":2127,"href":"https:\/\/carmenrebolledo.com\/index.php?rest_route=\/wp\/v2\/pages\/1745\/revisions\/2127"}],"wp:attachment":[{"href":"https:\/\/carmenrebolledo.com\/index.php?rest_route=%2Fwp%2Fv2%2Fmedia&parent=1745"}],"curies":[{"name":"wp","href":"https:\/\/api.w.org\/{rel}","templated":true}]}}